{"id":1846,"date":"2019-07-12T12:23:16","date_gmt":"2019-07-12T12:23:16","guid":{"rendered":"http:\/\/gostol.kemperle.si\/product\/dust-collectors-pfm-and-pfv\/"},"modified":"2019-09-16T09:15:38","modified_gmt":"2019-09-16T09:15:38","slug":"patronski-filtri-pfm-i-pfv","status":"publish","type":"product","link":"http:\/\/gostol.kemperle.si\/hr\/product\/shot-blasting\/patronski-filtri-pfm-i-pfv\/","title":{"rendered":"Patronski filtri \u2013 pfm i pfv"},"content":{"rendered":"<div class=\"col-md-6\">\n<p><strong>Patronski filtri<\/strong>\u00a0<strong>PFM i PFV\u00a0<\/strong>izra\u0111eni su od \u010deli\u010dne konstrukcije, koju sastavljamo modularno. S dvije veli\u010dine filtra PFM (mali) i PFV (veliki) sastavljamo \u017eeljeni filter s protokom od 2400m\u02c63\/h do 43000m\u02c63\/h.<\/p>\n<p>Ulaz neo\u010di\u0161\u0107enog zraka je na kabini. Zrak potom ulazi u donji dio ku\u0107i\u0161ta, gdje zna\u010dajno opada njegova brzina. Te\u017ee \u010destice zbog iznenadne promjene brzine padaju u spremnik. Zrak se kona\u010dno \u010disti kroz ulo\u0161ke filtara i izlazi kroz ventilator.<\/p>\n<p>Spremnik je pri\u010dvr\u0161\u0107en na ku\u0107i\u0161te brzim spojnicama tako da se odstranjivanje provodi \u0161to br\u017ee. Spremnik ima kota\u010de i nosa\u010d za podizanje za jednostavno pra\u017enjenje spremnika.<\/p>\n<p>Pri\u010dvr\u0161\u0107ivanje ulo\u0161ka provedeno je twist lock prirubnicom. Tako je osigurana u\u010dinkovita nepropusnost filtra. \u010ci\u0161\u0107enje ulo\u017eaka provedeno je zra\u010dnim impulsima preko zra\u010dnog akumulatora i sabirne cijevi. Za automatsko ispuhivanje skrbi elektronski programator, koji ujedna\u010duje u\u010destalost ispuhivanja s obzirom na zapra\u0161enost ulo\u0161ka.<\/p>\n<p><strong>Prednosti PFM i PFV filtara u usporedbi s PF filtrima.<\/strong><\/p>\n<p>PFM i PFV patronski filtri:<\/p>\n<ul>\n<li>Imaju suvremeni dizajn, \u0161to se odra\u017eava u ve\u0107oj u\u010dinkovitosti i ni\u017eoj cijeni.<\/li>\n<li>Dolje imaju ve\u0107i otvor, \u0161to omogu\u0107uje ni\u017ee izvo\u0111enje lijevka.<\/li>\n<li>Imaju ulaz zraka kroz ulaznu kabinu i usmjeravaju glavninu zraka prema lijevku.<\/li>\n<li>Zauzimaju manje prostora.<\/li>\n<li>Omogu\u0107uju optimalni protok zraka, budu\u0107i da su razdaljine izme\u0111u ulo\u017eaka ve\u0107e, \u0161to omogu\u0107uje ve\u0107u u\u010dinkovitost filtra.<\/li>\n<li>Ulo\u0161ci imaju ve\u0107u povr\u0161inu filtriranja 16 m2 (PF filtri imaju 10 m2)<\/li>\n<li>Imaju mogu\u0107nost pranja ulo\u017eaka, \u0161to produljuje njihov vijek trajanja.<\/li>\n<li>Imaju &#8220;twist lock&#8221; sustav, \u0161to omogu\u0107uje br\u017eu zamjenu ulo\u017eaka.<\/li>\n<li>Ispuhivanje ulo\u017eaka provedeno je bez venturi cijevi, \u0161to smanjuje razliku u tlaku i smanjuje potro\u0161nju elektri\u010dne energije.<\/li>\n<li>Nisu im potrebne dodatne konstrukcije, budu\u0107i da je ventilator ugra\u0111en na vrhu filtra tj. ispod.<\/li>\n<\/ul>\n<\/div>\n<div class=\"col-md-6\">\n<p><strong>Opcije<\/strong><\/p>\n<ul>\n<li>Patronski ulo\u0161ci (termi\u010dki otporni, otporni na vlagu&#8230;)<\/li>\n<li>Apsolutni filter za dodatno \u010di\u0161\u0107enje zraka kojeg namjeravamo pustiti nazad u prostor.<\/li>\n<li>Prigu\u0161iva\u010d, ugra\u0111en na ventilator, smanjenje buke za 2-3 dBa.<\/li>\n<li>Grijanje ventila, u slu\u010daju postavljanja filtra pri temperaturama ispod to\u010dke smrzavanja.<\/li>\n<li>Frekventni pretvara\u010d za ventilator, pametna \u0161tednja energije.<\/li>\n<li>Obloga protiv buke, smanjenje buke za cca. 2-3 dBa.<\/li>\n<li>Mehani\u010dki diferencijalni mjera\u010d, koji prikazuje vrijednosti tlaka u filtru.<\/li>\n<li>Programator ispuhivanja s diferencijalnim mjera\u010dem tlaka (automatska regulacija ispuhivanja patronskih ulo\u017eaka s obzirom na zasi\u0107enost).<\/li>\n<li>Spremnik koji se mo\u017ee naginjati i koji ima postolje za odvoz vili\u010darem i mehanizam za naginjanje.<\/li>\n<li>Smanjenje pra\u0161ine na izlazu filtra (pra\u0161ina na izlazu max. 2 mg\/ m3).<\/li>\n<li>Mjera\u010d pra\u0161ine na izlazu filtra (upozorenje tj. alarm pri prekora\u010denju normalne vrijednosti)<\/li>\n<li>Smart diferencijalni mjera\u010d tlaka (automatska regulacija ispuhivanja patronskih ulo\u017eaka s obzirom na zasi\u0107enost, upozorenje kada je potrebno zamijeniti patronske ulo\u0161ke, prognoza vremena zamjene patronskih ulo\u017eaka).<\/li>\n<li>Mjera\u010d protoka zraka (opcija je mogu\u0107a samo u slu\u010daju ugradnje frekventnog pretvara\u010da za ventilator filtra. Osigurava konstantan protok zraka u sustavu.).<\/li>\n<\/ul>\n<p>&nbsp;<\/p>\n<p>Tvrtka Gostol TST je me\u0111unarodno priznata tvrtka koje ima brojne\u00a0<a href=\"https:\/\/www.gostol-tst.eu\/hr\/reference\">reference<\/a>\u00a0po cijelom svijetu.<\/p>\n<\/div>\n","protected":false},"excerpt":{"rendered":"<p>Patronski filtri\u00a0PFM i PFV\u00a0izra\u0111eni su od \u010deli\u010dne konstrukcije, koju sastavljamo [&hellip;]<\/p>\n","protected":false},"featured_media":1848,"parent":2344,"menu_order":254,"template":"","product_category":[9],"_links":{"self":[{"href":"http:\/\/gostol.kemperle.si\/hr\/wp-json\/wp\/v2\/product\/1846"}],"collection":[{"href":"http:\/\/gostol.kemperle.si\/hr\/wp-json\/wp\/v2\/product"}],"about":[{"href":"http:\/\/gostol.kemperle.si\/hr\/wp-json\/wp\/v2\/types\/product"}],"up":[{"embeddable":true,"href":"http:\/\/gostol.kemperle.si\/hr\/wp-json\/wp\/v2\/product\/2344"}],"wp:featuredmedia":[{"embeddable":true,"href":"http:\/\/gostol.kemperle.si\/hr\/wp-json\/wp\/v2\/media\/1848"}],"wp:attachment":[{"href":"http:\/\/gostol.kemperle.si\/hr\/wp-json\/wp\/v2\/media?parent=1846"}],"wp:term":[{"taxonomy":"product_category","embeddable":true,"href":"http:\/\/gostol.kemperle.si\/hr\/wp-json\/wp\/v2\/product_category?post=1846"}],"curies":[{"name":"wp","href":"https:\/\/api.w.org\/{rel}","templated":true}]}}