{"id":1841,"date":"2019-07-12T12:23:16","date_gmt":"2019-07-12T12:23:16","guid":{"rendered":"http:\/\/gostol.kemperle.si\/product\/dust-collectors-pfm-and-pfv\/"},"modified":"2019-09-16T09:11:07","modified_gmt":"2019-09-16T09:11:07","slug":"patronski-filtri-pfm-pfv","status":"publish","type":"product","link":"http:\/\/gostol.kemperle.si\/sl\/product\/shot-blasting\/patronski-filtri-pfm-pfv\/","title":{"rendered":"Patronski filtri \u2013 pfm in pfv"},"content":{"rendered":"<div class=\"col-md-6\">\n<p><strong>Patronski filtri<\/strong>\u00a0<strong>PFM in PFV\u00a0<\/strong>so izdelani iz jeklene konstrukcije, ki jo sestavljamo modulno. Z dvema velikostima filtrov PFM (mali) in PFV (veliki) sestavimo \u017eeljeni filter s pretokom od 2400m\u02c63\/h do 43000m\u02c63\/h.<\/p>\n<p>Vstop neo\u010di\u0161\u010denega zraka je na kabini. Zrak nato vstopi v spodnji del ohi\u0161ja kjer mu mo\u010dno pade hitrost. Te\u017eji delci zaradi nenadne spremembe hitrosti padejo v zabojnik. Zrak se dokon\u010dno o\u010disti skozi filtrirne vlo\u017eke in izstopa skozi ventilator.<\/p>\n<p>Zabojnik je pritrjen na ohi\u0161je s hitrimi spojkami tako, da je odstranitev \u010dim hitrej\u0161a. Zabojnik ima kolesa ter dvi\u017eni nosilec za enostavno izpraznitev zabojnika.<\/p>\n<p>Pritrditev vlo\u017eka je izvedeno s twist lock prirobnico. Tako je zagotovljena u\u010dinkovita tesnost filtra. \u010ci\u0161\u010denje vlo\u017ekov je izvedeno z zra\u010dnimi impulzi preko zra\u010dnega akumulatorja ter zbirne cevi. Za avtomatsko izpihovanje skrbi elektronski programator, ki pogostost izpiha uravnava glede na zapra\u0161enost vlo\u017eka.<\/p>\n<p><strong>Prednosti PFM in PFV filtrov v primerjavi s PF filtri.<\/strong><\/p>\n<p>PFM in PFV patronski filtri:<\/p>\n<ul>\n<li>Imajo sodobno zasnovo, kar se odra\u017ea na ve\u010dji u\u010dinkovitosti ter ni\u017eji ceni.<\/li>\n<li>Imajo spodaj ve\u010djo odprtino, kar omogo\u010da ni\u017ejo izvedbo lijaka.<\/li>\n<li>Imajo vstop zraka skozi vhodno kabino in usmerijo glavnino zraka proti lijaku.<\/li>\n<li>Zasedejo manj prostora.<\/li>\n<li>Omogo\u010dajo optimalni pretok zraka, saj so razdalje med vlo\u017eki ve\u010dje, kar omogo\u010da ve\u010djo u\u010dinkovitost filtra.<\/li>\n<li>Vlo\u017eki imajo ve\u010djo filtrirno povr\u0161ino 16 m2 (PF filtri imajo 10 m2)<\/li>\n<li>Imajo mo\u017enost pranja vlo\u017ekov, kar podalj\u0161uje njihovo \u017eivljenjsko dobo.<\/li>\n<li>Imajo &#8220;twist lock&#8221; sistem, kar omogo\u010da hitrej\u0161o menjavo vlo\u017ekov.<\/li>\n<li>Izpihovanje vlo\u017ekov je izvedeno brez venturi cevi, kar zmanj\u0161uje tla\u010dno razliko in zmanj\u0161uje porabo elektri\u010dne energije.<\/li>\n<li>Ne potrebujejo dodatne konstrukcije, saj je ventilator vgrajen na vrhu filtra oz. spodaj.<\/li>\n<\/ul>\n<\/div>\n<div class=\"col-md-6\">\n<p><strong>Opcije<\/strong><\/p>\n<ul>\n<li>Patronski vlo\u017eki (temperaturno odporni, vlago odporni,&#8230;)<\/li>\n<li>Absolutni filter za dodatno \u010di\u0161\u010denje zraka, ki ga nameravamo spu\u0161\u010dati nazaj v prostor.<\/li>\n<li>Glu\u0161nik, vgrajen na ventilator, zmanj\u0161anje hrupa za 2-3 dBa.<\/li>\n<li>Gretje ventilov, v primeru postavitve filtra pri temperaturah pod ledi\u0161\u010dem.<\/li>\n<li>Frekven\u010dni pretvornik za ventilator, pametno var\u010devanje z energijo.<\/li>\n<li>Protihrupna obloga, zmanj\u0161anje hrupa za cca. 2-3 dBa.<\/li>\n<li>Mehanski diferen\u010dni merilnik tala, prikaz vrednosti tlaka v filtru.<\/li>\n<li>Programator izpihovanja z diferen\u010dnim merilnikom tlaka (avtomatska regulacija izpihovanja patronskih vlo\u017ekov glede na zasi\u010denost).<\/li>\n<li>Prekucni zabojnik, ki ima podstavek za odvoz z vili\u010darjem in prekucni mehanizem.<\/li>\n<li>Zmanj\u0161anje prahu na izhodu filtra (prah na izhodu max. 2 mg\/ m3).<\/li>\n<li>Merilnik prahu na izstopu filtra (opozorilo oz. alarm pri prekora\u010ditvi normalne vrednosti)<\/li>\n<li>Smart diferen\u010dni merilnik tlaka (avtomatska regulacija izpihovanja patronskih vlo\u017ekov glede na zasi\u010denost, opozorilo kdaj je potrebno patronske vlo\u017eke zamenjati, napoved \u010dasa zamenjave patronskih vlo\u017ekov).<\/li>\n<li>Merilnik pretoka zraka (opcija je mo\u017ena samo v primeru vgradnje frekven\u010dnega pretvornika za ventilator filtra. Zagotavlja konstanten pretok zraka v sistemu.).<\/li>\n<\/ul>\n<p>&nbsp;<\/p>\n<p>Podjetje Gostol TST je mednarodno uveljavljeno podjetje, ki ima \u0161tevilne\u00a0<a href=\"http:\/\/www.gostol-tst.eu\/sl\/reference\">reference<\/a>\u00a0po vsem svetu.<\/p>\n<\/div>\n","protected":false},"excerpt":{"rendered":"<p>Patronski filtri\u00a0PFM in PFV\u00a0so izdelani iz jeklene konstrukcije, ki jo [&hellip;]<\/p>\n","protected":false},"featured_media":1843,"parent":2350,"menu_order":252,"template":"","product_category":[9],"_links":{"self":[{"href":"http:\/\/gostol.kemperle.si\/sl\/wp-json\/wp\/v2\/product\/1841"}],"collection":[{"href":"http:\/\/gostol.kemperle.si\/sl\/wp-json\/wp\/v2\/product"}],"about":[{"href":"http:\/\/gostol.kemperle.si\/sl\/wp-json\/wp\/v2\/types\/product"}],"up":[{"embeddable":true,"href":"http:\/\/gostol.kemperle.si\/sl\/wp-json\/wp\/v2\/product\/2350"}],"wp:featuredmedia":[{"embeddable":true,"href":"http:\/\/gostol.kemperle.si\/sl\/wp-json\/wp\/v2\/media\/1843"}],"wp:attachment":[{"href":"http:\/\/gostol.kemperle.si\/sl\/wp-json\/wp\/v2\/media?parent=1841"}],"wp:term":[{"taxonomy":"product_category","embeddable":true,"href":"http:\/\/gostol.kemperle.si\/sl\/wp-json\/wp\/v2\/product_category?post=1841"}],"curies":[{"name":"wp","href":"https:\/\/api.w.org\/{rel}","templated":true}]}}