{"id":2262,"date":"2019-09-17T10:37:00","date_gmt":"2019-09-17T10:37:00","guid":{"rendered":"http:\/\/gostol.kemperle.si\/?post_type=product&#038;p=2262"},"modified":"2019-09-17T10:37:00","modified_gmt":"2019-09-17T10:37:00","slug":"strahlkammern-kmp-kdp","status":"publish","type":"product","link":"https:\/\/gostol.kemperle.si\/de\/product\/shot-blasting\/strahlkammern-kmp-kdp\/","title":{"rendered":"Strahlkammern \u2013 kmp, kdp"},"content":{"rendered":"<div class=\"col-md-6\">\n<p>Strahlkammer \u2013 KMP, KDP ist eine sehr kompakte Strahlkammer die zum Strahlen von Werkst\u00fccken unterschiedlicher Abmessungen und Gr\u00f6\u00dfen verwendet werden k\u00f6nnen. F\u00fcr die Strahlung Prozess k\u00f6nnen wir Metallen- oder Mineralstrahlmitteln benutzen.<\/p>\n<p>Den Werkst\u00fccken Transport im der Strahlr\u00e4ume ist \u00fcblicherweise mit einem Gabelstapler oder auf dem Wagen, in der Regel \u00fcber die Schienen durchgef\u00fchrt. Sandstrahlverfahren wird durch Sandstrahlen Pistole durchgef\u00fchrt, die von dem Arbeiter auf der Oberfl\u00e4che des Werkst\u00fccks gerichtet ist. Die Sandstrahlpistole mittels des Strahlrohr mit dem Druckbeh\u00e4lter, von dem verbunden ist, das Schleifmittel kommt mit der Druckluft mit hoher Geschwindigkeit.<\/p>\n<\/div>\n<div class=\"col-md-6\">\n<p>W\u00e4hrend Sandstrahlenprozesses muss der Arbeiter mit Schutzkleidern, Handschuhe gegen die Einfl\u00fcsse des Poliermittels gesch\u00fctzt werden und ein speziellen Helm f\u00fcr Hauptschutz abstauben.<\/p>\n<p>Das Kammergeh\u00e4use ist mit Gummi gesch\u00fctzt. Das System f\u00fcr den kontinuierlichen R\u00fcckfluss des Strahlmittels kann mit einer F\u00f6rderschnecke (KMP) oder mit einem Kratzf\u00f6rderer (KDP) ausgef\u00fchrt werden, die entlang der Gesamtoberfl\u00e4che oder entlang einer Teiloberfl\u00e4che der Strahlkammer angebracht werden k\u00f6nnen. Die verschiedenen Podeste f\u00fcr die Arbeit in verschiedenen H\u00f6hen, die Ger\u00e4te f\u00fcr das Drehen der Rotationswerkst\u00fccke um die L\u00e4ngsachse, die Ger\u00e4ten f\u00fcr das Absaugen des Strahlmittels erm\u00f6glichen eine gro\u00dfe Arbeitsleistung.<\/p>\n<\/div>\n","protected":false},"excerpt":{"rendered":"<p>Strahlkammer \u2013 KMP, KDP ist eine sehr kompakte Strahlkammer die [&hellip;]<\/p>\n","protected":false},"featured_media":2263,"parent":2346,"menu_order":297,"template":"","product_category":[11],"_links":{"self":[{"href":"https:\/\/gostol.kemperle.si\/de\/wp-json\/wp\/v2\/product\/2262"}],"collection":[{"href":"https:\/\/gostol.kemperle.si\/de\/wp-json\/wp\/v2\/product"}],"about":[{"href":"https:\/\/gostol.kemperle.si\/de\/wp-json\/wp\/v2\/types\/product"}],"up":[{"embeddable":true,"href":"https:\/\/gostol.kemperle.si\/de\/wp-json\/wp\/v2\/product\/2346"}],"wp:featuredmedia":[{"embeddable":true,"href":"https:\/\/gostol.kemperle.si\/de\/wp-json\/wp\/v2\/media\/2263"}],"wp:attachment":[{"href":"https:\/\/gostol.kemperle.si\/de\/wp-json\/wp\/v2\/media?parent=2262"}],"wp:term":[{"taxonomy":"product_category","embeddable":true,"href":"https:\/\/gostol.kemperle.si\/de\/wp-json\/wp\/v2\/product_category?post=2262"}],"curies":[{"name":"wp","href":"https:\/\/api.w.org\/{rel}","templated":true}]}}