{"id":2292,"date":"2019-07-11T12:42:24","date_gmt":"2019-07-11T12:42:24","guid":{"rendered":"http:\/\/gostol.kemperle.si\/product\/sandblasting-jet-engine-shafts\/"},"modified":"2019-09-17T13:04:26","modified_gmt":"2019-09-17T13:04:26","slug":"automatische-strahl-solutionen","status":"publish","type":"product","link":"https:\/\/gostol.kemperle.si\/de\/product\/automatische-strahl-solutionen\/","title":{"rendered":"Automatische strahl solutionen"},"content":{"rendered":"<div class=\"col-md-6\">\n<p>Automatische Strahll\u00f6sung<\/p>\n<p>Bei Strahlen Robotisieren und Automatisieren ist nicht mehr die Zukunft, es sind Realit\u00e4t und Dringlichkeit f\u00fcr Wirtschaften welche erfolgreich sein wollen. Unternehmen, die auf dem Markt t\u00e4tig sind, suchen nicht mehr nur den g\u00fcnstigsten Anbieter welche g\u00fcnstigen L\u00f6sungen verkauft. Erfolgreiche Unternehmen im Bereich der Metallbearbeitung verstehen, dass es auf lange Sicht nur sinnvoll ist, in die Qualit\u00e4tsautomatisierung von Produktionsprozessen zu investieren.<\/p>\n<\/div>\n<div class=\"col-md-6\">\n<p>Gostol TST d.d als Strahlanlage Hersteller mit Langj\u00e4hrigen Erfahrungen und eigenem Know-how\u00a0\u00a0 bieten wir Ihnen robotische und automatisierte Strahll\u00f6sungen. Mit unseren automatischen Strahll\u00f6sungen verbessern wir Ihre Wettbewerbsf\u00e4higkeit, die Strahl Produktivit\u00e4t und Produktqualit\u00e4t werden erh\u00f6hen sein, wie die Produktionskosten werden sichtbar reduziert.<\/p>\n<p>F\u00fcr weitere Informationen kontaktieren Sie uns an:\u00a0<a href=\"mailto:info@gostol-tst.eu\">info@gostol-tst.eu<\/a><strong>.<\/strong><\/p>\n<\/div>\n","protected":false},"excerpt":{"rendered":"<p>Automatische Strahll\u00f6sung Bei Strahlen Robotisieren und Automatisieren ist nicht mehr [&hellip;]<\/p>\n","protected":false},"featured_media":2293,"parent":0,"menu_order":167,"template":"","product_category":[6],"_links":{"self":[{"href":"https:\/\/gostol.kemperle.si\/de\/wp-json\/wp\/v2\/product\/2292"}],"collection":[{"href":"https:\/\/gostol.kemperle.si\/de\/wp-json\/wp\/v2\/product"}],"about":[{"href":"https:\/\/gostol.kemperle.si\/de\/wp-json\/wp\/v2\/types\/product"}],"wp:featuredmedia":[{"embeddable":true,"href":"https:\/\/gostol.kemperle.si\/de\/wp-json\/wp\/v2\/media\/2293"}],"wp:attachment":[{"href":"https:\/\/gostol.kemperle.si\/de\/wp-json\/wp\/v2\/media?parent=2292"}],"wp:term":[{"taxonomy":"product_category","embeddable":true,"href":"https:\/\/gostol.kemperle.si\/de\/wp-json\/wp\/v2\/product_category?post=2292"}],"curies":[{"name":"wp","href":"https:\/\/api.w.org\/{rel}","templated":true}]}}