{"id":1724,"date":"2019-07-12T09:11:10","date_gmt":"2019-07-12T09:11:10","guid":{"rendered":"http:\/\/gostol.kemperle.si\/product\/blasting-machine-vk\/"},"modified":"2019-09-15T19:45:31","modified_gmt":"2019-09-15T19:45:31","slug":"stroj-za-sacmarenje-vk","status":"publish","type":"product","link":"https:\/\/gostol.kemperle.si\/hr\/product\/shot-blasting\/stroj-za-sacmarenje-vk\/","title":{"rendered":"Stroj za sa\u010cmarenje sa kukama koje se okre\u0106u &#8211; vk"},"content":{"rendered":"<div class=\"col-md-6\">\n<div class=\"col-md-6\">\n<div class=\"col-md-6\">\n<p>Stroj za sa\u010dmarenje sa kukama koje se okre\u0107u je namijenjen za obradu razli\u010ditih srednje velikih i velikih izradaka, koji \u010desto uklju\u010duju lomljive i osjetljive dijelove i ne mogu biti masovno obra\u0111eni u bubnju. Idealni su za te\u0161ke izratke kompleksnih oblika kao \u0161to su: ulici, varene konstrukcije, otkivci, pre\u0161ani dijelovi,hladno ili vru\u0107e preoblikovani dijelovi i razli\u010ditih kompliciranih oblika, plinske boce, opruge itd.\u00a0 Izradci mogu biti te\u0161ki od 1kg do 50.000 kg ili vi\u0161e i proizvedeni su u manjim ili srednje velikim serijama. Najvi\u0161e se stroj za sa\u010dmarenje sa kukama koje se okre\u0107u upotrebljavaju za \u010di\u0161\u0107enje povr\u0161ina, odstranjivanje ljeva\u010dkog pijeska i odstranjivanje jezgre u ljeva\u010dkoj industriji tako\u0111er i za odstranjivanje ljuski, hr\u0111e i obnavljanje u industriji metala.<\/p>\n<p>Izradci koji se tretiraju se objese pojedina\u010dno ili u grozdu na kuke koja se okre\u0107u po I, Y ili kru\u017enom ovjesnom transporteru transportiraju u stroj. Okretanje komada u mlazu abraziva omogu\u0107uje u\u010dinkovitu obradu i te\u017ee dostupnih povr\u0161ina. Ku\u0107i\u0161te stroja za\u0161ti\u0107eno je manganskim \u010delikom otpornim na tro\u0161enje ili u cijelosti izra\u0111eno od manganskog \u010delika i dodatno za\u0161ti\u0107eno na udarnim mjestima.<\/p>\n<\/div>\n<div class=\"col-md-6\">\n<p>Sustav za kontinuirano vra\u0107anje i \u010di\u0161\u0107enje abraziva zajedno s u\u010dinkovitim turbinama od materijala otpornih na tro\u0161enje omogu\u0107uje visoku produktivnost stroja. Standardna oprema kod ve\u0107ih strojeva uklju\u010duje: PLC, ekran, tajmer, automatski ili ru\u010dni na\u010din rada, pneumatske cilindre na vratima, kuke koje se okre\u0107u, automatsko uklju\u010denje turbina, brojilo radnih sati, itd. Stroj mo\u017ee biti opremljen sa magnetnim separatorom, vibracijskim transporterom i frekvencijskim pretvara\u010dem za turbine.<\/p>\n<p>Svi strojevi za sa\u010dmarenje imaju ugra\u0111ene ir turbine sa mogu\u0107no\u0161\u0107u nadogradnje u\u00a0<a href=\"http:\/\/www.irsmartwheel.eu\/hr\">ir sm@rt turbine<\/a>. U kombinaciji sa ir sm@rt ventilom omogu\u0107uju jo\u0161 u\u010dinkovitije i optimalnije djelovanje stroja za sa\u010dmarenje.<\/p>\n<p>Tvrtka Gostol TST je me\u0111unarodno priznata tvrtka koje ima brojne\u00a0<a href=\"http:\/\/www.gostol-tst.eu\/hr\/reference\">reference<\/a>\u00a0po cijelom svijetu.<\/p>\n<\/div>\n<\/div>\n<\/div>\n","protected":false},"excerpt":{"rendered":"<p>Stroj za sa\u010dmarenje sa kukama koje se okre\u0107u je namijenjen [&hellip;]<\/p>\n","protected":false},"featured_media":1726,"parent":2344,"menu_order":230,"template":"","product_category":[9],"_links":{"self":[{"href":"https:\/\/gostol.kemperle.si\/hr\/wp-json\/wp\/v2\/product\/1724"}],"collection":[{"href":"https:\/\/gostol.kemperle.si\/hr\/wp-json\/wp\/v2\/product"}],"about":[{"href":"https:\/\/gostol.kemperle.si\/hr\/wp-json\/wp\/v2\/types\/product"}],"up":[{"embeddable":true,"href":"https:\/\/gostol.kemperle.si\/hr\/wp-json\/wp\/v2\/product\/2344"}],"wp:featuredmedia":[{"embeddable":true,"href":"https:\/\/gostol.kemperle.si\/hr\/wp-json\/wp\/v2\/media\/1726"}],"wp:attachment":[{"href":"https:\/\/gostol.kemperle.si\/hr\/wp-json\/wp\/v2\/media?parent=1724"}],"wp:term":[{"taxonomy":"product_category","embeddable":true,"href":"https:\/\/gostol.kemperle.si\/hr\/wp-json\/wp\/v2\/product_category?post=1724"}],"curies":[{"name":"wp","href":"https:\/\/api.w.org\/{rel}","templated":true}]}}