{"id":1890,"date":"2019-09-16T10:59:27","date_gmt":"2019-09-16T10:59:27","guid":{"rendered":"http:\/\/gostol.kemperle.si\/?post_type=product&#038;p=1890"},"modified":"2019-09-16T10:59:27","modified_gmt":"2019-09-16T10:59:27","slug":"stroj-za-sacmarenje-lamela-pl","status":"publish","type":"product","link":"https:\/\/gostol.kemperle.si\/hr\/product\/shot-blasting\/stroj-za-sacmarenje-lamela-pl\/","title":{"rendered":"Stroj za sa\u010cmarenje lamela \u2013 pl"},"content":{"rendered":"<div class=\"col-md-6\">\n<p>Stroj za sa\u010dmarenje lamela se upotrebljava za sa\u010dmarenje plo\u010dastog \u010delika razli\u010ditih dimenzija i du\u017eina ve\u0107ih serija. Primjeren je za srednje velike kapacitete. Na\u010din transporta: Stroj je opremljen s horizontalnim manipulatorom za automatiziran transport plo\u010dastog \u010delika do stroja i nato po konusnim valjcima kroz stroj.<\/p>\n<p>\u0160ipke se tovare na ure\u0111aj za utovar. Transporter automatski dodaje \u0161ipke na valjkastu prugu, kota\u010d za pritiskanje ste\u017ee \u0161ipke na valjke. Poslije sa\u010dmarenja ih automatski skida sa valjkaste pruge. \u0160irina vode\u0107eg profila na valjkastoj pruzi se mo\u017ee mijenjati u odnosu na veli\u010dinu (\u0161irinu) \u0161ipke.<\/p>\n<\/div>\n<div class=\"col-md-6\">\n<p>U stroju su usmjeravaju\u0107e komore od \u010delika otpornog na tro\u0161enje, koje usmjeravaju mlaz na izratke, tako da je energija turbina maksimalno iskori\u0161tena. Ulazni prekida\u010d \u00a0automatski uklju\u010di \u2013 isklju\u010di sa\u010dmarenje, turbine sa\u010dmare samo po objektu, \u0161to smanjuje tro\u0161enje stroja i potro\u0161nju energije na minimum. Dodatni filtar na izlazu ventilatora omogu\u0107uje ispust zraka u radni prostor tako da se u zimskom periodu ni malo ne gubi toplota.<\/p>\n<p>Stroj za sa\u010dmarenje lamela ima ugra\u0111ene ir turbine sa mogu\u0107no\u0161\u0107u nadogradnje u\u00a0<a href=\"http:\/\/www.irsmartwheel.eu\/hr\">ir sm@rt turbine<\/a>. U kombinaciji sa ir sm@rt ventilom omogu\u0107uju jo\u0161 u\u010dinkovitije i optimalnije djelovanje stroja za sa\u010dmarenje.<\/p>\n<p>Tvrtka Gostol TST je me\u0111unarodno priznata tvrtka koje ima brojne\u00a0<a href=\"http:\/\/www.gostol-tst.eu\/hr\/reference\">reference<\/a>\u00a0po cijelom svijetu.<\/p>\n<\/div>\n","protected":false},"excerpt":{"rendered":"<p>Stroj za sa\u010dmarenje lamela se upotrebljava za sa\u010dmarenje plo\u010dastog \u010delika [&hellip;]<\/p>\n","protected":false},"featured_media":1896,"parent":2344,"menu_order":274,"template":"","product_category":[10],"_links":{"self":[{"href":"https:\/\/gostol.kemperle.si\/hr\/wp-json\/wp\/v2\/product\/1890"}],"collection":[{"href":"https:\/\/gostol.kemperle.si\/hr\/wp-json\/wp\/v2\/product"}],"about":[{"href":"https:\/\/gostol.kemperle.si\/hr\/wp-json\/wp\/v2\/types\/product"}],"up":[{"embeddable":true,"href":"https:\/\/gostol.kemperle.si\/hr\/wp-json\/wp\/v2\/product\/2344"}],"wp:featuredmedia":[{"embeddable":true,"href":"https:\/\/gostol.kemperle.si\/hr\/wp-json\/wp\/v2\/media\/1896"}],"wp:attachment":[{"href":"https:\/\/gostol.kemperle.si\/hr\/wp-json\/wp\/v2\/media?parent=1890"}],"wp:term":[{"taxonomy":"product_category","embeddable":true,"href":"https:\/\/gostol.kemperle.si\/hr\/wp-json\/wp\/v2\/product_category?post=1890"}],"curies":[{"name":"wp","href":"https:\/\/api.w.org\/{rel}","templated":true}]}}