{"id":2227,"date":"2019-07-15T07:32:53","date_gmt":"2019-07-15T07:32:53","guid":{"rendered":"http:\/\/gostol.kemperle.si\/product\/drying-grains\/"},"modified":"2019-09-17T09:59:52","modified_gmt":"2019-09-17T09:59:52","slug":"zrna-za-susenje","status":"publish","type":"product","link":"https:\/\/gostol.kemperle.si\/hr\/product\/zrna-za-susenje\/","title":{"rendered":"Zrna za su\u0160enje"},"content":{"rendered":"<p>Kukuruzno zrno je prirodni proizvod. Upotrebljava se za su\u0161enje i poliranje izradaka po zavr\u0161enom procesu vibrofini\u0161a.<\/p>\n","protected":false},"excerpt":{"rendered":"<p>Kukuruzno zrno je prirodni proizvod. Upotrebljava se za su\u0161enje i [&hellip;]<\/p>\n","protected":false},"featured_media":2228,"parent":0,"menu_order":79,"template":"","product_category":[17],"_links":{"self":[{"href":"https:\/\/gostol.kemperle.si\/hr\/wp-json\/wp\/v2\/product\/2227"}],"collection":[{"href":"https:\/\/gostol.kemperle.si\/hr\/wp-json\/wp\/v2\/product"}],"about":[{"href":"https:\/\/gostol.kemperle.si\/hr\/wp-json\/wp\/v2\/types\/product"}],"wp:featuredmedia":[{"embeddable":true,"href":"https:\/\/gostol.kemperle.si\/hr\/wp-json\/wp\/v2\/media\/2228"}],"wp:attachment":[{"href":"https:\/\/gostol.kemperle.si\/hr\/wp-json\/wp\/v2\/media?parent=2227"}],"wp:term":[{"taxonomy":"product_category","embeddable":true,"href":"https:\/\/gostol.kemperle.si\/hr\/wp-json\/wp\/v2\/product_category?post=2227"}],"curies":[{"name":"wp","href":"https:\/\/api.w.org\/{rel}","templated":true}]}}