{"id":2259,"date":"2019-07-11T12:06:37","date_gmt":"2019-07-11T12:06:37","guid":{"rendered":"http:\/\/gostol.kemperle.si\/product\/blast-room-kmp-kdp\/"},"modified":"2019-09-17T10:34:02","modified_gmt":"2019-09-17T10:34:02","slug":"komora-za-pjeskarenje-kmp-kdp","status":"publish","type":"product","link":"https:\/\/gostol.kemperle.si\/hr\/product\/shot-blasting\/komora-za-pjeskarenje-kmp-kdp\/","title":{"rendered":"Komora za pjeskarenje \u2013 kmp, kdp"},"content":{"rendered":"<div class=\"col-md-6\">\n<p>Komora za pjeskarenje je kompletna naprava, koja se mo\u017ee upotrebljavati za pjeskarenje izradaka razli\u010ditih dimenzija i veli\u010dina. Za proces se mogu koristiti \u010deli\u010dni ili mineralni abraziv.<\/p>\n<p>Transport izradaka u komoru za pjeskarenje se obi\u010dno vr\u0161i sa vili\u010darom ili na kolicima, uobi\u010dajeno po stazama. Postupak pjeskarenja izvodimo sa pi\u0161toljem za pjeskarenje koju radnik usmjerava na povr\u0161inu izratka. Pi\u0161tolj za pjeskarenje je sa pomo\u0107nom cijevi na tla\u010dnoj posudi iz koje dolazi abraziv uz pomo\u0107 stisnutog zraka kod velikih brzina.<\/p>\n<p>Za vrijeme procesa mora biti radnik primjereno za\u0161ti\u0107en sa za\u0161titnom odje\u0107om, rukavicama i kacigom od utjecaja abraziva i praha.<\/p>\n<\/div>\n<div class=\"col-md-6\">\n<p>Ku\u0107i\u0161te komore je za\u0161ti\u0107eno sa gumom. Sistem za neprekidno vra\u0107anje i \u010di\u0161\u0107enje pjeskarskog sredstva mo\u017ee imati pu\u017ene transportere (KMP) ili stru\u017eu\u0107e transportere (KSP), koje se mo\u017ee upotrijebiti za cijelu povr\u0161inu komore ili samo za jedan dio. Razli\u010diti podesi za rad na visini, sprave za rotacijsko okretanje izradaka oko uzdu\u017ene osi i sprave za usisavanje pjeskarskog sredstva garantiraju visoku radnu u\u010dinkovitost.<\/p>\n<p>Tvrtka Gostol TST je me\u0111unarodno priznata tvrtka koje ima brojne reference po cijelom svijetu. Za pregled liste strojeva kliknite\u00a0<a href=\"http:\/\/www.gostol-tst.eu\/hr\/reference\">ovdje<\/a>.<\/p>\n<\/div>\n","protected":false},"excerpt":{"rendered":"<p>Komora za pjeskarenje je kompletna naprava, koja se mo\u017ee upotrebljavati [&hellip;]<\/p>\n","protected":false},"featured_media":2260,"parent":2344,"menu_order":295,"template":"","product_category":[11],"_links":{"self":[{"href":"https:\/\/gostol.kemperle.si\/hr\/wp-json\/wp\/v2\/product\/2259"}],"collection":[{"href":"https:\/\/gostol.kemperle.si\/hr\/wp-json\/wp\/v2\/product"}],"about":[{"href":"https:\/\/gostol.kemperle.si\/hr\/wp-json\/wp\/v2\/types\/product"}],"up":[{"embeddable":true,"href":"https:\/\/gostol.kemperle.si\/hr\/wp-json\/wp\/v2\/product\/2344"}],"wp:featuredmedia":[{"embeddable":true,"href":"https:\/\/gostol.kemperle.si\/hr\/wp-json\/wp\/v2\/media\/2260"}],"wp:attachment":[{"href":"https:\/\/gostol.kemperle.si\/hr\/wp-json\/wp\/v2\/media?parent=2259"}],"wp:term":[{"taxonomy":"product_category","embeddable":true,"href":"https:\/\/gostol.kemperle.si\/hr\/wp-json\/wp\/v2\/product_category?post=2259"}],"curies":[{"name":"wp","href":"https:\/\/api.w.org\/{rel}","templated":true}]}}