{"id":2273,"date":"2019-07-12T06:59:06","date_gmt":"2019-07-12T06:59:06","guid":{"rendered":"http:\/\/gostol.kemperle.si\/product\/blast-cabinets\/"},"modified":"2019-09-17T10:48:35","modified_gmt":"2019-09-17T10:48:35","slug":"kabina-za-pjeskarenje-prof","status":"publish","type":"product","link":"https:\/\/gostol.kemperle.si\/hr\/product\/kabina-za-pjeskarenje-prof\/","title":{"rendered":"Kabine za pjeskarenje"},"content":{"rendered":"<div class=\"col-md-6\">\n<p><strong>Kabine za pjeskarenje<\/strong><\/p>\n<p>U na\u0161em programu imamo tla\u010dne kabine za pjeskarenje i injektorske kabine za pjeskarenje. Injektorske kabine za pjeskarenje koriste se uglavnom za jednostavne proizvodne radove i op\u0107enito \u010di\u0161\u0107enje obradaka. Tla\u010dno pjeskarenje je znatno br\u017ee i agresivnije od injektorskog pjeskarenja.<\/p>\n<p>Injektorsko pjeskarenje<\/p>\n<p>Za brizganje abraziva koriste se specijalni pi\u0161tolji za pjeskarenje s dva cjevovoda. Jednim cjevovodom se upravlja pedalom i priklju\u010den je na komprimirani zrak te preko injektora adekvatnog oblika osigurava ispuhavanje zraka kroz pi\u0161tolj. Drugi cjevovod priklju\u010den je na rezervoar za abraziv. Mlaz komprimiranog zraka stvara vakuum unutar pi\u0161tolja koji crpi abraziv kroz cijev priklju\u010denu na rezervoar. Kada do\u0111e u pi\u0161tolj, vakuum potegne abraziv kroz cijev koja je priklju\u010dena na rezervoar. Abraziv se preko pi\u0161tolja brizga kroz wolfram-karbidnu mlaznicu.<\/p>\n<p>Tla\u010dno pjeskarenje<\/p>\n<p>Kod tla\u010dnih kabina za pjeskarenje abraziv dolazi do specijalnog pi\u0161tolja kroz abrazivno-otvorenu cijev, koja je priklju\u010dena na rezervoar za abraziv. Kada je pod tlakom, zrak potiskuje abraziv kroz cijevi do pi\u0161tolja, gdje proizvodi sna\u017ean mlaz s visokim radnim kapacitetom (cca. 4-5 puta ve\u0107i nego pri injektorskom pjeskarenju). Pi\u0161tolj mo\u017eemo jednostavno pomicati, \u0161to omogu\u0107uje usmjerenje mlaza na obradak.<\/p>\n<\/div>\n<div class=\"col-md-6\">\n<p>Kabine za pjeskarenje koriste se za sljede\u0107e obrade:<\/p>\n<ul>\n<li>\u010ci\u0161\u0107enje prljav\u0161tine<\/li>\n<li>Bru\u0161enje<\/li>\n<li>Konsolidacija, mikrokovanje<\/li>\n<li>Deoksidacija<\/li>\n<li>Glaziranje u estetske svrhe<\/li>\n<li>Odstranjivanje boje<\/li>\n<li>Priprema povr\u0161ina za nano\u0161enje boja, gume itd.<\/li>\n<\/ul>\n<p>Kod strojeva su mogu\u0107e sljede\u0107e opcije:<\/p>\n<ul>\n<li>Ru\u010dni okretni stol<\/li>\n<li>Kolica s okretnim stolom<\/li>\n<li>Unutarnji i vanjski valjak<\/li>\n<li>Automatski okretni stol s pomi\u010dnom ru\u010dicom za pi\u0161tolj<\/li>\n<li>Okretna ko\u0161arica za automatsku obradu manjih dijelova<\/li>\n<li>Filter za automatsko \u010di\u0161\u0107enje s ulo\u0161cima<\/li>\n<\/ul>\n<p>&nbsp;<\/p>\n<p><strong>Kliknite\u00a0<a href=\"https:\/\/youtu.be\/vRPpx-3Hkvo\">ovdje<\/a>\u00a0da biste pogledali video.<\/strong><\/p>\n<\/div>\n","protected":false},"excerpt":{"rendered":"<p>Kabine za pjeskarenje U na\u0161em programu imamo tla\u010dne kabine za [&hellip;]<\/p>\n","protected":false},"featured_media":2274,"parent":0,"menu_order":155,"template":"","product_category":[15],"_links":{"self":[{"href":"https:\/\/gostol.kemperle.si\/hr\/wp-json\/wp\/v2\/product\/2273"}],"collection":[{"href":"https:\/\/gostol.kemperle.si\/hr\/wp-json\/wp\/v2\/product"}],"about":[{"href":"https:\/\/gostol.kemperle.si\/hr\/wp-json\/wp\/v2\/types\/product"}],"wp:featuredmedia":[{"embeddable":true,"href":"https:\/\/gostol.kemperle.si\/hr\/wp-json\/wp\/v2\/media\/2274"}],"wp:attachment":[{"href":"https:\/\/gostol.kemperle.si\/hr\/wp-json\/wp\/v2\/media?parent=2273"}],"wp:term":[{"taxonomy":"product_category","embeddable":true,"href":"https:\/\/gostol.kemperle.si\/hr\/wp-json\/wp\/v2\/product_category?post=2273"}],"curies":[{"name":"wp","href":"https:\/\/api.w.org\/{rel}","templated":true}]}}