{"id":2288,"date":"2019-09-17T12:59:18","date_gmt":"2019-09-17T12:59:18","guid":{"rendered":"http:\/\/gostol.kemperle.si\/?post_type=product&#038;p=2288"},"modified":"2019-09-17T12:59:18","modified_gmt":"2019-09-17T12:59:18","slug":"obrada-serijskih-proizvoda","status":"publish","type":"product","link":"https:\/\/gostol.kemperle.si\/hr\/product\/obrada-serijskih-proizvoda\/","title":{"rendered":"Automatizirana rje\u0160enja za pjeskarenje"},"content":{"rendered":"<div class=\"col-md-6\">\n<p><strong>Automatizirana rje\u0161enja za pjeskarenje<\/strong><\/p>\n<p>Robotizacija i automatizacija vi\u0161e nisu budu\u0107nost, ve\u0107 realnost i uvjet za uspje\u0161no gospodarstvo. Tvrtke koje posluju na globalnom tr\u017ei\u0161tu vi\u0161e ne tra\u017ee najjeftinijeg ponuditelja s jeftinim rje\u0161enjima, ve\u0107 razumiju da je dugoro\u010dno smisleno ulagati samo u kvalitetnu automatizaciju proizvodnih procesa.<\/p>\n<\/div>\n<div class=\"col-md-6\">\n<p>U tvrtki Gostol TST Vam nudimo robotska i automatizirana rje\u0161enja za pjeskarenje kojima \u0107ete pobolj\u0161ati konkurentnost, produktivnost, odaziv, ponovljivost, preciznost i kakvo\u0107u proizvoda te smanjiti svoje proizvodne tro\u0161kove.<\/p>\n<p>Za vi\u0161e informacija nam pi\u0161ite na\u00a0<a href=\"mailto:info@gostol-tst.eu\">info@gostol-tst.eu<\/a>.<\/p>\n<\/div>\n","protected":false},"excerpt":{"rendered":"<p>Automatizirana rje\u0161enja za pjeskarenje Robotizacija i automatizacija vi\u0161e nisu budu\u0107nost, [&hellip;]<\/p>\n","protected":false},"featured_media":2289,"parent":0,"menu_order":167,"template":"","product_category":[6],"_links":{"self":[{"href":"https:\/\/gostol.kemperle.si\/hr\/wp-json\/wp\/v2\/product\/2288"}],"collection":[{"href":"https:\/\/gostol.kemperle.si\/hr\/wp-json\/wp\/v2\/product"}],"about":[{"href":"https:\/\/gostol.kemperle.si\/hr\/wp-json\/wp\/v2\/types\/product"}],"wp:featuredmedia":[{"embeddable":true,"href":"https:\/\/gostol.kemperle.si\/hr\/wp-json\/wp\/v2\/media\/2289"}],"wp:attachment":[{"href":"https:\/\/gostol.kemperle.si\/hr\/wp-json\/wp\/v2\/media?parent=2288"}],"wp:term":[{"taxonomy":"product_category","embeddable":true,"href":"https:\/\/gostol.kemperle.si\/hr\/wp-json\/wp\/v2\/product_category?post=2288"}],"curies":[{"name":"wp","href":"https:\/\/api.w.org\/{rel}","templated":true}]}}