{"id":1739,"date":"2019-07-12T09:11:10","date_gmt":"2019-07-12T09:11:10","guid":{"rendered":"http:\/\/gostol.kemperle.si\/product\/blasting-machine-vk\/"},"modified":"2019-09-15T20:03:42","modified_gmt":"2019-09-15T20:03:42","slug":"peskalni-stroj-z-vrtljivim-kavljem-vk","status":"publish","type":"product","link":"https:\/\/gostol.kemperle.si\/sl\/product\/shot-blasting\/peskalni-stroj-z-vrtljivim-kavljem-vk\/","title":{"rendered":"Peskalni stroj z vrtljivim kavljem &#8211; vk"},"content":{"rendered":"<div class=\"col-md-6\">\n<p><strong>Peskalni stroj z vrtljivim kavljem<\/strong>\u00a0je namenjen za obdelavo razli\u010dnih srednje velikih in velikih obdelovancev, ki pogosto vklju\u010dujejo krhke in ob\u010dutljive dele in ne morejo biti obdelani masovno v bobnu. Idealni so za te\u017eke obdelovance kompleksnih oblik, kot so: ulitki, varjene konstrukcije, odkovki, pre\u0161ani deli, hladno ali vro\u010de preoblikovanih delov ter razli\u010dnih kompliciranih oblik, jeklenk, vzmeti, itd. Obdelovanci lahko tehtajo od 1 kg do 50.000 kg ali ve\u010d in so proizvedeni v manj\u0161ih ali srednje velikih serijah. Peskalni stroji z vrtljivim kavljem se najve\u010d uporabljajo za \u010di\u0161\u010denje povr\u0161in, odstranjevanje livarskega peska in odstranjevanje jeder, v livarski industriji pa tudi za odstranjevanje lusk, rje in obnavljanje v kovinski industriji.<\/p>\n<p>Obdelovanci se obesijo posami\u010dno ali v grozdu na vrtljivi kavelj in se po I, Y ali kro\u017eni progi transportirajo v peskalni stroj. Vrtenje obdelovancev v curku abraziva omogo\u010da u\u010dinkovito obdelavo tudi te\u017eje dostopnih povr\u0161in. Ohi\u0161je peskalnega stroja je za\u0161\u010diteno z obrabo-odpornim manganskim jeklom ali pa je v celoti izdelano iz manganskega jekla in dodatno za\u0161\u010diteno na najbolj izpostavljenih delih.<\/p>\n<\/div>\n<div class=\"col-md-6\">\n<p>Sistem za kontinuirano vra\u010danje in \u010di\u0161\u010denje abraziva skupaj z u\u010dinkovitimi turbinami iz obrabo odpornih materialov omogo\u010dajo visoko u\u010dinkovitost peskalnega stroja. Standardna oprema na ve\u010djih peskalnih strojih z vrtljivim kavljem vklju\u010duje: PLC, zaslon, \u010dasovnik, avtomatski ali ro\u010dni na\u010din dela, pnevmatske cilindre na vratih, vrtljive kljuke, avtomatski vklop turbin, \u0161tevec delovnih ur, itd. Peskalni stroj z vrtljivim kavljem je lahko opremljen z magnetnim separatorjem, vibracijskim transporterjem in frekven\u010dnim pretvornikom za turbine.<\/p>\n<p>Vsi peskalni stroji imajo vgrajene ir turbine z mo\u017enostjo nadgradnje v\u00a0<a href=\"http:\/\/www.irsmartwheel.eu\/sl\">ir sm@rt turbine<\/a>. V kombinaciji z ir sm@rt ventilom omogo\u010dajo \u0161e bolj u\u010dinkovito in optimalno delovanje peskalnega stroja.<\/p>\n<p>Podjetje Gostol TST je mednarodno uveljavljeno podjetje, ki ima \u0161tevilne\u00a0<a href=\"http:\/\/www.gostol-tst.eu\/sl\/reference\">reference<\/a>\u00a0po vsem svetu.<\/p>\n<\/div>\n","protected":false},"excerpt":{"rendered":"<p>Peskalni stroj z vrtljivim kavljem\u00a0je namenjen za obdelavo razli\u010dnih srednje [&hellip;]<\/p>\n","protected":false},"featured_media":1741,"parent":2350,"menu_order":227,"template":"","product_category":[9],"_links":{"self":[{"href":"https:\/\/gostol.kemperle.si\/sl\/wp-json\/wp\/v2\/product\/1739"}],"collection":[{"href":"https:\/\/gostol.kemperle.si\/sl\/wp-json\/wp\/v2\/product"}],"about":[{"href":"https:\/\/gostol.kemperle.si\/sl\/wp-json\/wp\/v2\/types\/product"}],"up":[{"embeddable":true,"href":"https:\/\/gostol.kemperle.si\/sl\/wp-json\/wp\/v2\/product\/2350"}],"wp:featuredmedia":[{"embeddable":true,"href":"https:\/\/gostol.kemperle.si\/sl\/wp-json\/wp\/v2\/media\/1741"}],"wp:attachment":[{"href":"https:\/\/gostol.kemperle.si\/sl\/wp-json\/wp\/v2\/media?parent=1739"}],"wp:term":[{"taxonomy":"product_category","embeddable":true,"href":"https:\/\/gostol.kemperle.si\/sl\/wp-json\/wp\/v2\/product_category?post=1739"}],"curies":[{"name":"wp","href":"https:\/\/api.w.org\/{rel}","templated":true}]}}