{"id":2004,"date":"2019-07-12T07:02:04","date_gmt":"2019-07-12T07:02:04","guid":{"rendered":"http:\/\/gostol.kemperle.si\/product\/vibratory-bowl-finishing-machine-with-separator-vus\/"},"modified":"2019-09-16T14:42:31","modified_gmt":"2019-09-16T14:42:31","slug":"stroj-vibracijsko-poliranje-vus","status":"publish","type":"product","link":"https:\/\/gostol.kemperle.si\/sl\/product\/stroj-vibracijsko-poliranje-vus\/","title":{"rendered":"Stroj za vibracijsko poliranje s skledo in separatorjem \u2013 vus"},"content":{"rendered":"<div class=\"col-md-6\">\n<div class=\"col-md-6\">\n<p>Stroj za vibracijsko poliranje s separatorjem ima mo\u017enost standardne funkcije prehoda (obra\u010da naprej in nazaj).<\/p>\n<p>Obdelovance se lahko nalaga ro\u010dno ali z zajemalko. Na koncu postopka se obdelovanci avtomati\u010dno lo\u010dijo od abraziva s pomo\u010djo sita ter se odvajajo skozi odto\u010dni kanal.<\/p>\n<\/div>\n<div class=\"col-md-6\">\n<p>Gostol TST nudi tudi \u0161irok izbor medijev za raziglevanje in poliranje, spojin za \u010di\u0161\u010denje povr\u0161in ter zrn za poliranje in su\u0161enje. Pri nas dobite vse kar potrebujete za vibracijsko poliranje\u00a0<a href=\"http:\/\/www.gostol-tst.eu\/sl\/category\/stroji-za-vibracijsko-poliranje\">na enem mestu<\/a>.<\/p>\n<\/div>\n<\/div>\n","protected":false},"excerpt":{"rendered":"<p>Stroj za vibracijsko poliranje s separatorjem ima mo\u017enost standardne funkcije [&hellip;]<\/p>\n","protected":false},"featured_media":2006,"parent":0,"menu_order":108,"template":"","product_category":[4],"_links":{"self":[{"href":"https:\/\/gostol.kemperle.si\/sl\/wp-json\/wp\/v2\/product\/2004"}],"collection":[{"href":"https:\/\/gostol.kemperle.si\/sl\/wp-json\/wp\/v2\/product"}],"about":[{"href":"https:\/\/gostol.kemperle.si\/sl\/wp-json\/wp\/v2\/types\/product"}],"wp:featuredmedia":[{"embeddable":true,"href":"https:\/\/gostol.kemperle.si\/sl\/wp-json\/wp\/v2\/media\/2006"}],"wp:attachment":[{"href":"https:\/\/gostol.kemperle.si\/sl\/wp-json\/wp\/v2\/media?parent=2004"}],"wp:term":[{"taxonomy":"product_category","embeddable":true,"href":"https:\/\/gostol.kemperle.si\/sl\/wp-json\/wp\/v2\/product_category?post=2004"}],"curies":[{"name":"wp","href":"https:\/\/api.w.org\/{rel}","templated":true}]}}