{"id":2037,"date":"2019-07-12T07:11:22","date_gmt":"2019-07-12T07:11:22","guid":{"rendered":"http:\/\/gostol.kemperle.si\/product\/linear-vibratory-finishing-machine-vl-or-vlo\/"},"modified":"2019-09-16T17:16:47","modified_gmt":"2019-09-16T17:16:47","slug":"linijski-stroj-vl-vlo","status":"publish","type":"product","link":"https:\/\/gostol.kemperle.si\/sl\/product\/linijski-stroj-vl-vlo\/","title":{"rendered":"Linijski stroj za vibracijsko poliranje \u2013 vl ali vlo"},"content":{"rendered":"<div class=\"col-sm-12\">\n<div class=\"col-md-6\">\n<div class=\"opis\">\n<div class=\"body\">\n<div class=\"col-md-6\">\n<p>Linijski stroj za vibracijsko poliranje je primeren za obdelavo dolgih in \u0161irokih obdelovancev.<\/p>\n<p>Z mo\u017enostjo opreme za nakladanje in ostalih dodatnih komponent, so lahko linijski stroji popolnoma avtomatizirani in zahtevajo minimalno prisotnost operaterja.<\/p>\n<\/div>\n<div class=\"col-md-6\">\n<p>Pri tem tipu stroja se lahko uporablja plasti\u010dni medij, kerami\u010dni medij, porcelan ali poliranje s kroglicami.<\/p>\n<p>Gostol TST nudi tudi \u0161irok izbor medijev za raziglevanje in poliranje, spojin za \u010di\u0161\u010denje povr\u0161in ter zrn za poliranje in su\u0161enje. Pri nas dobite vse kar potrebujete za vibracijsko poliranje\u00a0<a href=\"http:\/\/www.gostol-tst.eu\/sl\/category\/stroji-za-vibracijsko-poliranje\">na enem mestu<\/a>.<\/p>\n<\/div>\n<\/div>\n<\/div>\n<div class=\"gallery\">\n<div class=\"gallery-item image two-large-images \"><\/div>\n<\/div>\n<\/div>\n<\/div>\n","protected":false},"excerpt":{"rendered":"<p>Linijski stroj za vibracijsko poliranje je primeren za obdelavo dolgih [&hellip;]<\/p>\n","protected":false},"featured_media":2039,"parent":0,"menu_order":117,"template":"","product_category":[4],"_links":{"self":[{"href":"https:\/\/gostol.kemperle.si\/sl\/wp-json\/wp\/v2\/product\/2037"}],"collection":[{"href":"https:\/\/gostol.kemperle.si\/sl\/wp-json\/wp\/v2\/product"}],"about":[{"href":"https:\/\/gostol.kemperle.si\/sl\/wp-json\/wp\/v2\/types\/product"}],"wp:featuredmedia":[{"embeddable":true,"href":"https:\/\/gostol.kemperle.si\/sl\/wp-json\/wp\/v2\/media\/2039"}],"wp:attachment":[{"href":"https:\/\/gostol.kemperle.si\/sl\/wp-json\/wp\/v2\/media?parent=2037"}],"wp:term":[{"taxonomy":"product_category","embeddable":true,"href":"https:\/\/gostol.kemperle.si\/sl\/wp-json\/wp\/v2\/product_category?post=2037"}],"curies":[{"name":"wp","href":"https:\/\/api.w.org\/{rel}","templated":true}]}}