{"id":2078,"date":"2019-07-12T09:15:17","date_gmt":"2019-07-12T09:15:17","guid":{"rendered":"http:\/\/gostol.kemperle.si\/product\/centrifugal-surface-finishing-machine-c\/"},"modified":"2021-05-09T16:48:03","modified_gmt":"2021-05-09T16:48:03","slug":"centrifugalni-stroj-c","status":"publish","type":"product","link":"https:\/\/gostol.kemperle.si\/sl\/product\/centrifugalni-stroj-c\/","title":{"rendered":"Centrifugalni stroj za povr\u0161insko obdelavo \u2013 c"},"content":{"rendered":"<div class=\"col-md-6\">\n<p>Centrifugalni stroj za povr\u0161insko obdelavo je posebej u\u010dinkovit pri \u010di\u0161\u010denju zahtevnih obdelovancev ter majhnih kovinskih obdelovancev, ki zahtevajo dolg \u010das obdelave, kot tudi pnevmatike, plastike, gume, titan ter pri raziglevanju, poliranju, \u010di\u0161\u010denju olja, rje in oksida iz obdelovancev narejenih iz ABS materiala.<\/p>\n<\/div>\n<div class=\"col-md-6\">\n<p>Centrifugalni stroji so zelo mo\u010dni in delujejo pri visoki hitrosti. Z ustreznimi popravki jih lahko uporabljamo tudi za suh proces.<\/p>\n<p>Gostol TST nudi tudi \u0161irok izbor medijev za raziglevanje in poliranje, spojin za \u010di\u0161\u010denje povr\u0161in ter zrn za poliranje in su\u0161enje. Pri nas dobite vse kar potrebujete za vibracijsko poliranje\u00a0<a href=\"http:\/\/www.gostol-tst.eu\/sl\/category\/stroji-za-vibracijsko-poliranje\">na enem mestu<\/a>.<\/p>\n<\/div>\n","protected":false},"excerpt":{"rendered":"<p>Centrifugalni stroj za povr\u0161insko obdelavo je posebej u\u010dinkovit pri \u010di\u0161\u010denju [&hellip;]<\/p>\n","protected":false},"featured_media":2079,"parent":0,"menu_order":124,"template":"","product_category":[4],"_links":{"self":[{"href":"https:\/\/gostol.kemperle.si\/sl\/wp-json\/wp\/v2\/product\/2078"}],"collection":[{"href":"https:\/\/gostol.kemperle.si\/sl\/wp-json\/wp\/v2\/product"}],"about":[{"href":"https:\/\/gostol.kemperle.si\/sl\/wp-json\/wp\/v2\/types\/product"}],"wp:featuredmedia":[{"embeddable":true,"href":"https:\/\/gostol.kemperle.si\/sl\/wp-json\/wp\/v2\/media\/2079"}],"wp:attachment":[{"href":"https:\/\/gostol.kemperle.si\/sl\/wp-json\/wp\/v2\/media?parent=2078"}],"wp:term":[{"taxonomy":"product_category","embeddable":true,"href":"https:\/\/gostol.kemperle.si\/sl\/wp-json\/wp\/v2\/product_category?post=2078"}],"curies":[{"name":"wp","href":"https:\/\/api.w.org\/{rel}","templated":true}]}}