{"id":2094,"date":"2019-07-12T09:17:41","date_gmt":"2019-07-12T09:17:41","guid":{"rendered":"http:\/\/gostol.kemperle.si\/product\/centrifugal-barrel-surface-finishing-machine-cb\/"},"modified":"2021-05-09T16:48:11","modified_gmt":"2021-05-09T16:48:11","slug":"centrifugalni-stroj-cb","status":"publish","type":"product","link":"https:\/\/gostol.kemperle.si\/sl\/product\/centrifugalni-stroj-cb\/","title":{"rendered":"Centrifugalni bobnasti stroj za povr\u0161insko obdelavo \u2013 cb"},"content":{"rendered":"<div class=\"col-md-6\">\n<p>Centrifugalni bobnasti stroj za povr\u0161insko obdelavo ima mo\u017enost delovanja v suhem ali mokrem okolju.\u00a0 Bistvo tega sistema je, da se vrti okoli svoje osi z visoko hitrostjo, ki obra\u010da \u0161tiri povezane \u0161katle. V vsaki \u0161katli se isto\u010dasno uporablja kemi\u010dna teko\u010dina, abraziv in obdelovanci.<\/p>\n<\/div>\n<div class=\"col-md-6\">\n<p>Vsaka od \u0161katel ima mo\u017enost, da se jo upravlja v \u0161tirih razli\u010dnih procesih. Deli, ki jih je te\u017eko polirati in \u010distiti z vibrofini\u0161em ali v obi\u010dajnih centrifugalnih strojih, se jih lahko obdeluje v tem stroju.<\/p>\n<p>Gostol TST nudi tudi \u0161irok izbor medijev za raziglevanje in poliranje, spojin za \u010di\u0161\u010denje povr\u0161in ter zrn za poliranje in su\u0161enje. Pri nas dobite vse kar potrebujete za vibracijsko poliranje\u00a0<a href=\"http:\/\/www.gostol-tst.eu\/sl\/category\/stroji-za-vibracijsko-poliranje\">na enem mestu<\/a>.<\/p>\n<\/div>\n","protected":false},"excerpt":{"rendered":"<p>Centrifugalni bobnasti stroj za povr\u0161insko obdelavo ima mo\u017enost delovanja v [&hellip;]<\/p>\n","protected":false},"featured_media":2095,"parent":0,"menu_order":131,"template":"","product_category":[4],"_links":{"self":[{"href":"https:\/\/gostol.kemperle.si\/sl\/wp-json\/wp\/v2\/product\/2094"}],"collection":[{"href":"https:\/\/gostol.kemperle.si\/sl\/wp-json\/wp\/v2\/product"}],"about":[{"href":"https:\/\/gostol.kemperle.si\/sl\/wp-json\/wp\/v2\/types\/product"}],"wp:featuredmedia":[{"embeddable":true,"href":"https:\/\/gostol.kemperle.si\/sl\/wp-json\/wp\/v2\/media\/2095"}],"wp:attachment":[{"href":"https:\/\/gostol.kemperle.si\/sl\/wp-json\/wp\/v2\/media?parent=2094"}],"wp:term":[{"taxonomy":"product_category","embeddable":true,"href":"https:\/\/gostol.kemperle.si\/sl\/wp-json\/wp\/v2\/product_category?post=2094"}],"curies":[{"name":"wp","href":"https:\/\/api.w.org\/{rel}","templated":true}]}}