{"id":2113,"date":"2019-07-12T09:24:12","date_gmt":"2019-07-12T09:24:12","guid":{"rendered":"http:\/\/gostol.kemperle.si\/product\/centrifugal-dryer-cs\/"},"modified":"2021-05-09T16:48:18","modified_gmt":"2021-05-09T16:48:18","slug":"centrifugalni-susilnik-cs","status":"publish","type":"product","link":"https:\/\/gostol.kemperle.si\/sl\/product\/centrifugalni-susilnik-cs\/","title":{"rendered":"Centrifugalni su\u0161ilnik \u2013 cs"},"content":{"rendered":"<div class=\"col-md-6\">\n<p>Centrifugalni su\u0161ilnik se uporablja za su\u0161enje majhnih do srednjih obdelovancev. Zagotavljajo u\u010dinkovito su\u0161enje, brez made\u017eev, poleg tega tudi prepre\u010duje, da bi se obdelovanci zatikali med seboj.<\/p>\n<p>Ve\u010dinoma se uporabljajo v primeru, ko se kot medij ne more uporabljati koruza (problem z zatikanjem zrn koruze).<\/p>\n<p>Obdelovanci se posu\u0161ijo v centrifugalnem sistemu s pomo\u010djo toplega zraka iz toplotnih elementov na zgornjem delu stroja.<\/p>\n<\/div>\n<div class=\"col-md-6\">\n<p>Propeler na spodnjem delu stroja posrka topel zrak in na ta na\u010din gre topel zrak skozi obdelovance, s tem pa je dose\u017eena maksimalna u\u010dinkovitost. Voda, ki je na obdelovancih gre ven skozi odvodni kanal stroja.<\/p>\n<p>Gostol TST nudi tudi \u0161irok izbor medijev za raziglevanje in poliranje, spojin za \u010di\u0161\u010denje povr\u0161in ter zrn za poliranje in su\u0161enje. Pri nas dobite vse kar potrebujete za vibracijsko poliranje\u00a0<a href=\"http:\/\/www.gostol-tst.eu\/sl\/category\/stroji-za-vibracijsko-poliranje\">na enem mestu<\/a>.<\/p>\n<\/div>\n","protected":false},"excerpt":{"rendered":"<p>Centrifugalni su\u0161ilnik se uporablja za su\u0161enje majhnih do srednjih obdelovancev. [&hellip;]<\/p>\n","protected":false},"featured_media":2115,"parent":0,"menu_order":136,"template":"","product_category":[4],"_links":{"self":[{"href":"https:\/\/gostol.kemperle.si\/sl\/wp-json\/wp\/v2\/product\/2113"}],"collection":[{"href":"https:\/\/gostol.kemperle.si\/sl\/wp-json\/wp\/v2\/product"}],"about":[{"href":"https:\/\/gostol.kemperle.si\/sl\/wp-json\/wp\/v2\/types\/product"}],"wp:featuredmedia":[{"embeddable":true,"href":"https:\/\/gostol.kemperle.si\/sl\/wp-json\/wp\/v2\/media\/2115"}],"wp:attachment":[{"href":"https:\/\/gostol.kemperle.si\/sl\/wp-json\/wp\/v2\/media?parent=2113"}],"wp:term":[{"taxonomy":"product_category","embeddable":true,"href":"https:\/\/gostol.kemperle.si\/sl\/wp-json\/wp\/v2\/product_category?post=2113"}],"curies":[{"name":"wp","href":"https:\/\/api.w.org\/{rel}","templated":true}]}}