{"id":2132,"date":"2019-07-12T09:28:14","date_gmt":"2019-07-12T09:28:14","guid":{"rendered":"http:\/\/gostol.kemperle.si\/product\/centrifugal-degreasing-machine-cr\/"},"modified":"2021-05-09T16:48:26","modified_gmt":"2021-05-09T16:48:26","slug":"centrifugalno-razmascevanje","status":"publish","type":"product","link":"https:\/\/gostol.kemperle.si\/sl\/product\/centrifugalno-razmascevanje\/","title":{"rendered":"Stroj za centrifugalno razma\u0161\u010devanje \u2013 cr"},"content":{"rendered":"<div class=\"col-md-6\">\n<p>Stroj za centrifugalno razma\u0161\u010devanje se uporablja za \u010di\u0161\u010denje olja iz ostru\u017ekov, ki ostanejo po kovinski obdelavi. Ko\u0161ara in \u00bbtelo\u00ab stroja sta narejena iz nerjave\u010dega jekla.<\/p>\n<p>\u010ci\u0161\u010denje se izvaja s pomo\u010djo mo\u010di centrifuge, tako da jih je mogo\u010de ponovno uporabiti.<\/p>\n<\/div>\n<div class=\"col-md-6\">\n<p>Gostol TST nudi tudi \u0161irok izbor medijev za raziglevanje in poliranje, spojin za \u010di\u0161\u010denje povr\u0161in ter zrn za poliranje in su\u0161enje. Pri nas dobite vse kar potrebujete za vibracijsko poliranje\u00a0<a href=\"http:\/\/www.gostol-tst.eu\/sl\/category\/stroji-za-vibracijsko-poliranje\">na enem mestu<\/a>.<\/p>\n<\/div>\n","protected":false},"excerpt":{"rendered":"<p>Stroj za centrifugalno razma\u0161\u010devanje se uporablja za \u010di\u0161\u010denje olja iz [&hellip;]<\/p>\n","protected":false},"featured_media":2134,"parent":0,"menu_order":144,"template":"","product_category":[4],"_links":{"self":[{"href":"https:\/\/gostol.kemperle.si\/sl\/wp-json\/wp\/v2\/product\/2132"}],"collection":[{"href":"https:\/\/gostol.kemperle.si\/sl\/wp-json\/wp\/v2\/product"}],"about":[{"href":"https:\/\/gostol.kemperle.si\/sl\/wp-json\/wp\/v2\/types\/product"}],"wp:featuredmedia":[{"embeddable":true,"href":"https:\/\/gostol.kemperle.si\/sl\/wp-json\/wp\/v2\/media\/2134"}],"wp:attachment":[{"href":"https:\/\/gostol.kemperle.si\/sl\/wp-json\/wp\/v2\/media?parent=2132"}],"wp:term":[{"taxonomy":"product_category","embeddable":true,"href":"https:\/\/gostol.kemperle.si\/sl\/wp-json\/wp\/v2\/product_category?post=2132"}],"curies":[{"name":"wp","href":"https:\/\/api.w.org\/{rel}","templated":true}]}}