{"id":2149,"date":"2019-07-12T09:33:12","date_gmt":"2019-07-12T09:33:12","guid":{"rendered":"http:\/\/gostol.kemperle.si\/product\/vibratory-separator-s\/"},"modified":"2019-09-17T08:28:06","modified_gmt":"2019-09-17T08:28:06","slug":"vibracijski-separator-s","status":"publish","type":"product","link":"https:\/\/gostol.kemperle.si\/sl\/product\/vibracijski-separator-s\/","title":{"rendered":"Vibracijski separator \u2013 s"},"content":{"rendered":"<div class=\"col-md-6\">\n<p>Vibracijski separator se lahko uporablja v razli\u010dnih presejalnih postopkih.<\/p>\n<p>Vibracijski stroji brez presejanja ali centrifugalni stroji in stroji, ki nimajo sistema presejanja po kon\u010danem procesu, s pomo\u010djo separatorja o\u010distijo obdelovance od abraziva.<\/p>\n<\/div>\n<div class=\"col-md-6\">\n<p>Gostol TST nudi tudi \u0161irok izbor medijev za raziglevanje in poliranje, spojin za \u010di\u0161\u010denje povr\u0161in ter zrn za poliranje in su\u0161enje. Pri nas dobite vse kar potrebujete za vibracijsko poliranje\u00a0<a href=\"http:\/\/www.gostol-tst.eu\/sl\/category\/stroji-za-vibracijsko-poliranje\">na enem mestu<\/a>.<\/p>\n<\/div>\n","protected":false},"excerpt":{"rendered":"<p>Vibracijski separator se lahko uporablja v razli\u010dnih presejalnih postopkih. Vibracijski [&hellip;]<\/p>\n","protected":false},"featured_media":2150,"parent":0,"menu_order":147,"template":"","product_category":[4],"_links":{"self":[{"href":"https:\/\/gostol.kemperle.si\/sl\/wp-json\/wp\/v2\/product\/2149"}],"collection":[{"href":"https:\/\/gostol.kemperle.si\/sl\/wp-json\/wp\/v2\/product"}],"about":[{"href":"https:\/\/gostol.kemperle.si\/sl\/wp-json\/wp\/v2\/types\/product"}],"wp:featuredmedia":[{"embeddable":true,"href":"https:\/\/gostol.kemperle.si\/sl\/wp-json\/wp\/v2\/media\/2150"}],"wp:attachment":[{"href":"https:\/\/gostol.kemperle.si\/sl\/wp-json\/wp\/v2\/media?parent=2149"}],"wp:term":[{"taxonomy":"product_category","embeddable":true,"href":"https:\/\/gostol.kemperle.si\/sl\/wp-json\/wp\/v2\/product_category?post=2149"}],"curies":[{"name":"wp","href":"https:\/\/api.w.org\/{rel}","templated":true}]}}