{"id":2168,"date":"2019-07-12T10:13:19","date_gmt":"2019-07-12T10:13:19","guid":{"rendered":"http:\/\/gostol.kemperle.si\/product\/aluminium-wheel-polishing-machine-pp\/"},"modified":"2021-05-09T16:48:36","modified_gmt":"2021-05-09T16:48:36","slug":"poliranje-aluminijastih-platisc","status":"publish","type":"product","link":"https:\/\/gostol.kemperle.si\/sl\/product\/poliranje-aluminijastih-platisc\/","title":{"rendered":"Stroj za poliranje aluminijastih plati\u0161\u010d &#8211; pp"},"content":{"rendered":"<div class=\"col-md-6\">\n<p>Stroj za poliranje aluminijastih plati\u0161\u010d se uporablja za raziglevanje in poliranje aluminijastih plati\u0161\u010d.<\/p>\n<p>Gostol TST nudi tudi \u0161irok izbor medijev za raziglevanje in poliranje, spojin za \u010di\u0161\u010denje povr\u0161in ter zrn za poliranje in su\u0161enje.<\/p>\n<\/div>\n<div class=\"col-md-6\">\n<p>Pri nas dobite vse kar potrebujete za vibracijsko poliranje\u00a0<a href=\"http:\/\/www.gostol-tst.eu\/sl\/category\/stroji-za-vibracijsko-poliranje\">na enem mestu<\/a>.<\/p>\n<\/div>\n","protected":false},"excerpt":{"rendered":"<p>Stroj za poliranje aluminijastih plati\u0161\u010d se uporablja za raziglevanje in [&hellip;]<\/p>\n","protected":false},"featured_media":2170,"parent":0,"menu_order":152,"template":"","product_category":[4],"_links":{"self":[{"href":"https:\/\/gostol.kemperle.si\/sl\/wp-json\/wp\/v2\/product\/2168"}],"collection":[{"href":"https:\/\/gostol.kemperle.si\/sl\/wp-json\/wp\/v2\/product"}],"about":[{"href":"https:\/\/gostol.kemperle.si\/sl\/wp-json\/wp\/v2\/types\/product"}],"wp:featuredmedia":[{"embeddable":true,"href":"https:\/\/gostol.kemperle.si\/sl\/wp-json\/wp\/v2\/media\/2170"}],"wp:attachment":[{"href":"https:\/\/gostol.kemperle.si\/sl\/wp-json\/wp\/v2\/media?parent=2168"}],"wp:term":[{"taxonomy":"product_category","embeddable":true,"href":"https:\/\/gostol.kemperle.si\/sl\/wp-json\/wp\/v2\/product_category?post=2168"}],"curies":[{"name":"wp","href":"https:\/\/api.w.org\/{rel}","templated":true}]}}