{"id":2206,"date":"2019-07-15T06:57:20","date_gmt":"2019-07-15T06:57:20","guid":{"rendered":"http:\/\/gostol.kemperle.si\/product\/plastic-grinding-chips\/"},"modified":"2021-05-09T16:47:45","modified_gmt":"2021-05-09T16:47:45","slug":"plasticni-medij","status":"publish","type":"product","link":"https:\/\/gostol.kemperle.si\/sl\/product\/plasticni-medij\/","title":{"rendered":"Plasti\u010dni medij"},"content":{"rendered":"<div class=\"title\">\n<p><strong style=\"font-size: 16px;\">Plasti\u010dni medij <\/strong><span style=\"font-size: 16px;\">se uporablja za povr\u0161insko obdelavo mehkej\u0161ih, ne-\u017eelezovih materialov, kot so medenina, aluminij, cink.<\/span><\/p>\n<\/div>\n","protected":false},"excerpt":{"rendered":"<p>Plasti\u010dni medij se uporablja za povr\u0161insko obdelavo mehkej\u0161ih, ne-\u017eelezovih materialov, [&hellip;]<\/p>\n","protected":false},"featured_media":2208,"parent":0,"menu_order":91,"template":"","product_category":[16],"_links":{"self":[{"href":"https:\/\/gostol.kemperle.si\/sl\/wp-json\/wp\/v2\/product\/2206"}],"collection":[{"href":"https:\/\/gostol.kemperle.si\/sl\/wp-json\/wp\/v2\/product"}],"about":[{"href":"https:\/\/gostol.kemperle.si\/sl\/wp-json\/wp\/v2\/types\/product"}],"wp:featuredmedia":[{"embeddable":true,"href":"https:\/\/gostol.kemperle.si\/sl\/wp-json\/wp\/v2\/media\/2208"}],"wp:attachment":[{"href":"https:\/\/gostol.kemperle.si\/sl\/wp-json\/wp\/v2\/media?parent=2206"}],"wp:term":[{"taxonomy":"product_category","embeddable":true,"href":"https:\/\/gostol.kemperle.si\/sl\/wp-json\/wp\/v2\/product_category?post=2206"}],"curies":[{"name":"wp","href":"https:\/\/api.w.org\/{rel}","templated":true}]}}