{"id":2300,"date":"2019-07-11T12:42:24","date_gmt":"2019-07-11T12:42:24","guid":{"rendered":"http:\/\/gostol.kemperle.si\/product\/sandblasting-jet-engine-shafts\/"},"modified":"2021-05-09T16:48:54","modified_gmt":"2021-05-09T16:48:54","slug":"avtomatizirane-peskalne-resitve","status":"publish","type":"product","link":"https:\/\/gostol.kemperle.si\/sl\/product\/avtomatizirane-peskalne-resitve\/","title":{"rendered":"Avtomatizirane peskalne re\u0161itve"},"content":{"rendered":"<div class=\"col-md-6\">\n<p><strong>Avtomatizirane peskalne re\u0161itve<\/strong><\/p>\n<p>Robotizacija in avtomatizacija nista ve\u010d prihodnost, ampak resni\u010dnost in pogoj za uspe\u0161no gospodarstvo. Podjetja, ki delujejo na globalnem trgu ne i\u0161\u010dejo ve\u010d najcenej\u0161ega ponudnika s cenenimi re\u0161itvami, ampak razumejo, da je dolgoro\u010dno smiselno vlagati le v kakovostno avtomatizacija proizvodnih procesov.<\/p>\n<\/div>\n<div class=\"col-md-6\">\n<p>V podjetju Gostol TST vam nudimo robotske in avtomatizirane peskalne re\u0161itve s katerimi boste izbolj\u0161ali konkuren\u010dnost, pove\u010dali produktivnost, odzivnost, ponovljivost, natan\u010dnost, kakovost izdelkov ter zmanj\u0161ali va\u0161e proizvodne stro\u0161ke.<\/p>\n<p>Za ve\u010d informacij nam pi\u0161ite na\u00a0<a href=\"mailto:info@gostol-tst.eu\">info@gostol-tst.eu<\/a>.<\/p>\n<\/div>\n","protected":false},"excerpt":{"rendered":"<p>Avtomatizirane peskalne re\u0161itve Robotizacija in avtomatizacija nista ve\u010d prihodnost, ampak [&hellip;]<\/p>\n","protected":false},"featured_media":2301,"parent":0,"menu_order":167,"template":"","product_category":[6],"_links":{"self":[{"href":"https:\/\/gostol.kemperle.si\/sl\/wp-json\/wp\/v2\/product\/2300"}],"collection":[{"href":"https:\/\/gostol.kemperle.si\/sl\/wp-json\/wp\/v2\/product"}],"about":[{"href":"https:\/\/gostol.kemperle.si\/sl\/wp-json\/wp\/v2\/types\/product"}],"wp:featuredmedia":[{"embeddable":true,"href":"https:\/\/gostol.kemperle.si\/sl\/wp-json\/wp\/v2\/media\/2301"}],"wp:attachment":[{"href":"https:\/\/gostol.kemperle.si\/sl\/wp-json\/wp\/v2\/media?parent=2300"}],"wp:term":[{"taxonomy":"product_category","embeddable":true,"href":"https:\/\/gostol.kemperle.si\/sl\/wp-json\/wp\/v2\/product_category?post=2300"}],"curies":[{"name":"wp","href":"https:\/\/api.w.org\/{rel}","templated":true}]}}