{"id":2403,"date":"2019-09-18T13:44:11","date_gmt":"2019-09-18T13:44:11","guid":{"rendered":"http:\/\/gostol.kemperle.si\/?post_type=product&#038;p=2403"},"modified":"2019-09-18T13:44:11","modified_gmt":"2019-09-18T13:44:11","slug":"vibro-gc-spojina-za-raziglevanje-0","status":"publish","type":"product","link":"https:\/\/gostol.kemperle.si\/sl\/product\/vibro-gc-spojina-za-raziglevanje-0\/","title":{"rendered":"Vibro-gc spojina za raziglevanje"},"content":{"rendered":"<div class=\"col-md-6\">\n<p>Uporablja se za raziglevanje, razma\u0161\u010devanje in odstranjevanje rje iz obdelovancev narejenih iz \u017eeleza, jekla, nerjave\u010dega jekla, aluminija, zamaka, medenine, bakra, itd. skupaj z mediji, kot so keramika, plastika, urea, porcelan in jeklene kroglice, v vseh vibracijskih in centrifugalnih strojih.<\/p>\n<\/div>\n<div class=\"col-md-6\">\n<p>Priporo\u010deno razmerje za me\u0161anje z vodo je 1 \u2013 5 %. Je bistra teko\u010dina temno rumene barve, njen pH je 8.50 \u2013 9.50, in specifi\u010dna gostota je 1.000 \u2013 1.040 g \/cm3. Vsebuje soli organske kisline, ne-ionske in korozijske inhibitorje. Je vodotopen in okolju prijazen produkt.<\/p>\n<\/div>\n","protected":false},"excerpt":{"rendered":"<p>Uporablja se za raziglevanje, razma\u0161\u010devanje in odstranjevanje rje iz obdelovancev [&hellip;]<\/p>\n","protected":false},"featured_media":2405,"parent":0,"menu_order":13,"template":"","product_category":[18],"_links":{"self":[{"href":"https:\/\/gostol.kemperle.si\/sl\/wp-json\/wp\/v2\/product\/2403"}],"collection":[{"href":"https:\/\/gostol.kemperle.si\/sl\/wp-json\/wp\/v2\/product"}],"about":[{"href":"https:\/\/gostol.kemperle.si\/sl\/wp-json\/wp\/v2\/types\/product"}],"wp:featuredmedia":[{"embeddable":true,"href":"https:\/\/gostol.kemperle.si\/sl\/wp-json\/wp\/v2\/media\/2405"}],"wp:attachment":[{"href":"https:\/\/gostol.kemperle.si\/sl\/wp-json\/wp\/v2\/media?parent=2403"}],"wp:term":[{"taxonomy":"product_category","embeddable":true,"href":"https:\/\/gostol.kemperle.si\/sl\/wp-json\/wp\/v2\/product_category?post=2403"}],"curies":[{"name":"wp","href":"https:\/\/api.w.org\/{rel}","templated":true}]}}