{"id":2420,"date":"2019-07-15T08:49:40","date_gmt":"2019-07-15T08:49:40","guid":{"rendered":"http:\/\/gostol.kemperle.si\/product\/vibro-gp-polishing-compound\/"},"modified":"2019-09-18T19:19:47","modified_gmt":"2019-09-18T19:19:47","slug":"vibro-gp-spojina-za-poliranje-0","status":"publish","type":"product","link":"https:\/\/gostol.kemperle.si\/sl\/product\/vibro-gp-spojina-za-poliranje-0\/","title":{"rendered":"Vibro-gp spojina za poliranje"},"content":{"rendered":"<div class=\"col-md-6\">\n<p>Uporablja se za poliranje in odstranjevanje oksida za obdelovance iz \u017eeleza, jekla, nerjave\u010dega jekla, aluminija, zamaka, medenine, bakra, itd. skupaj z mediji, kot so prozorni plasti\u010dni in porcelanasti mediji v vseh vibracijskih in centrifugalnih strojih.<\/p>\n<\/div>\n<div class=\"col-md-6\">\n<p>Priporo\u010deno razmerje za me\u0161anje z vodo je 1 \u2013 5 %. Je bistra teko\u010dina rumene barve. Njen pH je 8,93 in ima specifi\u010dno gostoto 1.010 g \/ cm3. Vsebuje ne-ionske povr\u0161insko aktivna sredstva in korozijske inhibitorji. Je vodotopen in okolju prijazen produkt. Njegova lastnost je, da se rahlo peni.<\/p>\n<\/div>\n","protected":false},"excerpt":{"rendered":"<p>Uporablja se za poliranje in odstranjevanje oksida za obdelovance iz [&hellip;]<\/p>\n","protected":false},"featured_media":2421,"parent":0,"menu_order":28,"template":"","product_category":[18],"_links":{"self":[{"href":"https:\/\/gostol.kemperle.si\/sl\/wp-json\/wp\/v2\/product\/2420"}],"collection":[{"href":"https:\/\/gostol.kemperle.si\/sl\/wp-json\/wp\/v2\/product"}],"about":[{"href":"https:\/\/gostol.kemperle.si\/sl\/wp-json\/wp\/v2\/types\/product"}],"wp:featuredmedia":[{"embeddable":true,"href":"https:\/\/gostol.kemperle.si\/sl\/wp-json\/wp\/v2\/media\/2421"}],"wp:attachment":[{"href":"https:\/\/gostol.kemperle.si\/sl\/wp-json\/wp\/v2\/media?parent=2420"}],"wp:term":[{"taxonomy":"product_category","embeddable":true,"href":"https:\/\/gostol.kemperle.si\/sl\/wp-json\/wp\/v2\/product_category?post=2420"}],"curies":[{"name":"wp","href":"https:\/\/api.w.org\/{rel}","templated":true}]}}