{"id":2446,"date":"2019-07-15T09:02:23","date_gmt":"2019-07-15T09:02:23","guid":{"rendered":"http:\/\/gostol.kemperle.si\/product\/vibro-gt-degreasing-and-neutralization-powder\/"},"modified":"2021-05-09T16:45:34","modified_gmt":"2021-05-09T16:45:34","slug":"vibro-gt-prah","status":"publish","type":"product","link":"https:\/\/gostol.kemperle.si\/sl\/product\/vibro-gt-prah\/","title":{"rendered":"Vibro-gt prah za razma\u0161\u010devanje in nevtralizacijo"},"content":{"rendered":"<div class=\"col-md-6\">\n<p>Uporablja se za razma\u0161\u010devanje in nevtraliziranje za obdelovance iz jekla, nerjave\u010dega jekla, aluminija, zamaka, medenine, bakra, itd. skupaj z mediji, kot so keramika, plastika, urea, porcelan in jeklene kroglice v vseh vibracijskih in centrifugalnih strojih.<\/p>\n<\/div>\n<div class=\"col-md-6\">\n<p>Je prah bele barve in vsebuje veliko lugov, silikatov in povr\u0161insko aktivnih sredstev. Je vodotopen in okolju prijazen proizvod. Njegova lastnost je, da se rahlo peni.<\/p>\n<\/div>\n","protected":false},"excerpt":{"rendered":"<p>Uporablja se za razma\u0161\u010devanje in nevtraliziranje za obdelovance iz jekla, [&hellip;]<\/p>\n","protected":false},"featured_media":2447,"parent":0,"menu_order":41,"template":"","product_category":[18],"_links":{"self":[{"href":"https:\/\/gostol.kemperle.si\/sl\/wp-json\/wp\/v2\/product\/2446"}],"collection":[{"href":"https:\/\/gostol.kemperle.si\/sl\/wp-json\/wp\/v2\/product"}],"about":[{"href":"https:\/\/gostol.kemperle.si\/sl\/wp-json\/wp\/v2\/types\/product"}],"wp:featuredmedia":[{"embeddable":true,"href":"https:\/\/gostol.kemperle.si\/sl\/wp-json\/wp\/v2\/media\/2447"}],"wp:attachment":[{"href":"https:\/\/gostol.kemperle.si\/sl\/wp-json\/wp\/v2\/media?parent=2446"}],"wp:term":[{"taxonomy":"product_category","embeddable":true,"href":"https:\/\/gostol.kemperle.si\/sl\/wp-json\/wp\/v2\/product_category?post=2446"}],"curies":[{"name":"wp","href":"https:\/\/api.w.org\/{rel}","templated":true}]}}