{"id":2662,"date":"2019-07-15T09:08:10","date_gmt":"2019-07-15T09:08:10","guid":{"rendered":"http:\/\/gostol.kemperle.si\/product\/cleanox-gst-stainless-cleaning-compound\/"},"modified":"2021-05-09T16:47:21","modified_gmt":"2021-05-09T16:47:21","slug":"cleanox-gst-spojina","status":"publish","type":"product","link":"https:\/\/gostol.kemperle.si\/sl\/product\/cleanox-gst-spojina\/","title":{"rendered":"Cleanox-gst spojina za \u010di\u0161\u010denje nerjave\u010dih materialov"},"content":{"rendered":"<div class=\"col-md-6\">\n<p>Uporablja se za razma\u0161\u010devanje z metodo potopitve v stati\u010dnem okolju in \u010di\u0161\u010denje ostankov varjenja in boraksa, ki izhajajo iz varjenja, za obdelovance iz nerjave\u010dega jekla, medenine in bakra pred izvedbo obdelave v vibracijskih in centrifugalnih strojih.<\/p>\n<\/div>\n<div class=\"col-md-6\">\n<p>Priporo\u010deno razmerje za me\u0161anje z vodo je 1 \u2013 20 %. To je bistra in brezbarvna teko\u010dina, njen pH je 1,18 in njena specifi\u010dna gostota je 1,158 g\/cc.<\/p>\n<\/div>\n","protected":false},"excerpt":{"rendered":"<p>Uporablja se za razma\u0161\u010devanje z metodo potopitve v stati\u010dnem okolju [&hellip;]<\/p>\n","protected":false},"featured_media":2663,"parent":0,"menu_order":65,"template":"","product_category":[18],"_links":{"self":[{"href":"https:\/\/gostol.kemperle.si\/sl\/wp-json\/wp\/v2\/product\/2662"}],"collection":[{"href":"https:\/\/gostol.kemperle.si\/sl\/wp-json\/wp\/v2\/product"}],"about":[{"href":"https:\/\/gostol.kemperle.si\/sl\/wp-json\/wp\/v2\/types\/product"}],"wp:featuredmedia":[{"embeddable":true,"href":"https:\/\/gostol.kemperle.si\/sl\/wp-json\/wp\/v2\/media\/2663"}],"wp:attachment":[{"href":"https:\/\/gostol.kemperle.si\/sl\/wp-json\/wp\/v2\/media?parent=2662"}],"wp:term":[{"taxonomy":"product_category","embeddable":true,"href":"https:\/\/gostol.kemperle.si\/sl\/wp-json\/wp\/v2\/product_category?post=2662"}],"curies":[{"name":"wp","href":"https:\/\/api.w.org\/{rel}","templated":true}]}}